{"id":279,"date":"2019-04-03T12:23:29","date_gmt":"2019-04-03T12:23:29","guid":{"rendered":"http:\/\/demo.athemes.com\/airi-business2\/?page_id=279"},"modified":"2025-10-23T11:28:32","modified_gmt":"2025-10-23T15:28:32","slug":"home","status":"publish","type":"page","link":"https:\/\/multi-com.com\/fr\/","title":{"rendered":"Home"},"content":{"rendered":"<div data-elementor-type=\"wp-post\" data-elementor-id=\"279\" class=\"elementor elementor-279\">\n\t\t\t\t\t\t<section class=\"elementor-section elementor-top-section elementor-element elementor-element-5b9dfebc elementor-section-full_width elementor-section-height-default elementor-section-height-default\" data-id=\"5b9dfebc\" data-element_type=\"section\" data-e-type=\"section\" data-settings=\"{&quot;background_background&quot;:&quot;classic&quot;}\">\n\t\t\t\t\t\t\t<div class=\"elementor-background-overlay\"><\/div>\n\t\t\t\t\t\t\t<div class=\"elementor-container elementor-column-gap-default\">\n\t\t\t\t\t<div class=\"elementor-column elementor-col-100 elementor-top-column elementor-element elementor-element-ef01826 elementor-hidden-tablet elementor-hidden-mobile\" data-id=\"ef01826\" data-element_type=\"column\" data-e-type=\"column\">\n\t\t\t<div class=\"elementor-widget-wrap\">\n\t\t\t\t\t\t\t<\/div>\n\t\t<\/div>\n\t\t\t\t\t<\/div>\n\t\t<\/section>\n\t\t\t\t<section class=\"elementor-section elementor-top-section elementor-element elementor-element-58af601 elementor-section-full_width elementor-section-height-default elementor-section-height-default\" data-id=\"58af601\" data-element_type=\"section\" data-e-type=\"section\" data-settings=\"{&quot;background_background&quot;:&quot;classic&quot;}\">\n\t\t\t\t\t\t\t<div class=\"elementor-background-overlay\"><\/div>\n\t\t\t\t\t\t\t<div class=\"elementor-container elementor-column-gap-default\">\n\t\t\t\t\t<div class=\"elementor-column elementor-col-100 elementor-top-column elementor-element elementor-element-c575e72\" data-id=\"c575e72\" data-element_type=\"column\" data-e-type=\"column\">\n\t\t\t<div class=\"elementor-widget-wrap elementor-element-populated\">\n\t\t\t\t\t\t<section class=\"elementor-section elementor-inner-section elementor-element elementor-element-c9568e3 elementor-section-full_width elementor-section-height-default elementor-section-height-default\" data-id=\"c9568e3\" data-element_type=\"section\" data-e-type=\"section\">\n\t\t\t\t\t\t<div class=\"elementor-container elementor-column-gap-default\">\n\t\t\t\t\t<div class=\"elementor-column elementor-col-50 elementor-inner-column elementor-element elementor-element-3f96c1c\" data-id=\"3f96c1c\" data-element_type=\"column\" data-e-type=\"column\">\n\t\t\t<div class=\"elementor-widget-wrap elementor-element-populated\">\n\t\t\t\t\t\t\t\t\t\n\t\t<img class=\"e-image-base e-2b8e28e-ef46032\" \n\t\t\t\t\tdata-interaction-id=\"2b8e28e\" \n\t\t\tdata-interactions=\"&#x5B;&#x5D;\"\n\t\t \n\t\t \n\t\t\t\t\t\t\t\t\tid=\"1221\"\n\t\t\t\t\t\t\t\t\t\t\t\tsrc=\"https:\/\/multi-com.com\/wp-content\/uploads\/2021\/06\/mc_support.png\"\n\t\t\t\t\t\t\t\t\t\t\t\twidth=\"979\"\n\t\t\t\t\t\t\t\t\t\t\t\theight=\"580\"\n\t\t\t\t\t\t\t\t\t\t\t\tsrcset=\"https:\/\/multi-com.com\/wp-content\/uploads\/2021\/06\/mc_support.png 979w, https:\/\/multi-com.com\/wp-content\/uploads\/2021\/06\/mc_support-600x355.png 600w, https:\/\/multi-com.com\/wp-content\/uploads\/2021\/06\/mc_support-300x178.png 300w, https:\/\/multi-com.com\/wp-content\/uploads\/2021\/06\/mc_support-768x455.png 768w, https:\/\/multi-com.com\/wp-content\/uploads\/2021\/06\/mc_support-16x9.png 16w, https:\/\/multi-com.com\/wp-content\/uploads\/2021\/06\/mc_support-720x427.png 720w\"\n\t\t\t\t\t\t\t\t\t\t\t\talt=\"\"\n\t\t\t\t\t\t\/>\n\t\t\t<div class=\"elementor-element elementor-element-7380e07 e-grid elementor-hidden-tablet elementor-hidden-mobile e-con-boxed e-con e-parent\" data-id=\"7380e07\" data-element_type=\"container\" data-e-type=\"container\">\n\t\t\t\t\t<div class=\"e-con-inner\">\n\t\t\t\t<div class=\"elementor-element elementor-element-7feb8fb elementor-widget elementor-widget-button\" data-id=\"7feb8fb\" data-element_type=\"widget\" data-e-type=\"widget\" data-widget_type=\"button.default\">\n\t\t\t\t<div class=\"elementor-widget-container\">\n\t\t\t\t\t\t\t\t\t<div class=\"elementor-button-wrapper\">\n\t\t\t\t\t<a class=\"elementor-button elementor-button-link elementor-size-sm\" href=\"https:\/\/download.teamviewer.com\/download\/TeamViewer_Setup_x64.exe\">\n\t\t\t\t\t\t<span class=\"elementor-button-content-wrapper\">\n\t\t\t\t\t\t<span class=\"elementor-button-icon\">\n\t\t\t\t<i aria-hidden=\"true\" class=\"fas fa-download\"><\/i>\t\t\t<\/span>\n\t\t\t\t\t\t\t\t\t<span class=\"elementor-button-text\">T\u00e9l\u00e9charger connection \u00e0 Distance (x64)<\/span>\n\t\t\t\t\t<\/span>\n\t\t\t\t\t<\/a>\n\t\t\t\t<\/div>\n\t\t\t\t\t\t\t\t<\/div>\n\t\t\t\t<\/div>\n\t\t\t\t<div class=\"elementor-element elementor-element-a631eaa elementor-widget elementor-widget-button\" data-id=\"a631eaa\" data-element_type=\"widget\" data-e-type=\"widget\" data-widget_type=\"button.default\">\n\t\t\t\t<div class=\"elementor-widget-container\">\n\t\t\t\t\t\t\t\t\t<div class=\"elementor-button-wrapper\">\n\t\t\t\t\t<a class=\"elementor-button elementor-button-link elementor-size-sm\" href=\"https:\/\/download.teamviewer.com\/download\/TeamViewer_Setup.exe\">\n\t\t\t\t\t\t<span class=\"elementor-button-content-wrapper\">\n\t\t\t\t\t\t<span class=\"elementor-button-icon\">\n\t\t\t\t<i aria-hidden=\"true\" class=\"fas fa-download\"><\/i>\t\t\t<\/span>\n\t\t\t\t\t\t\t\t\t<span class=\"elementor-button-text\">T\u00e9l\u00e9charger connection \u00e0 Distance (x32)<\/span>\n\t\t\t\t\t<\/span>\n\t\t\t\t\t<\/a>\n\t\t\t\t<\/div>\n\t\t\t\t\t\t\t\t<\/div>\n\t\t\t\t<\/div>\n\t\t\t\t\t<\/div>\n\t\t\t\t<\/div>\n\t\t\t\t<div class=\"elementor-element elementor-element-d2e7244 elementor-widget elementor-widget-html\" data-id=\"d2e7244\" data-element_type=\"widget\" data-e-type=\"widget\" data-widget_type=\"html.default\">\n\t\t\t\t<div class=\"elementor-widget-container\">\n\t\t\t\t\t<h3>\u00c0 VOTRE SERVICE DEPUIS 1992<\/h3>\n<p>Chez MultiCom, nous vendons et r\u00e9parons les portables, ordinateurs et plus. Pour des questions, veuillez appeler (819)569-4222.<\/p>\t\t\t\t<\/div>\n\t\t\t\t<\/div>\n\t\t\t\t\t<\/div>\n\t\t<\/div>\n\t\t\t\t<div class=\"elementor-column elementor-col-50 elementor-inner-column elementor-element elementor-element-80752ae\" data-id=\"80752ae\" data-element_type=\"column\" data-e-type=\"column\">\n\t\t\t<div class=\"elementor-widget-wrap elementor-element-populated\">\n\t\t\t\t\t\t<div class=\"elementor-element elementor-element-63dd1de elementor-widget elementor-widget-google_maps\" data-id=\"63dd1de\" data-element_type=\"widget\" data-e-type=\"widget\" data-widget_type=\"google_maps.default\">\n\t\t\t\t<div class=\"elementor-widget-container\">\n\t\t\t\t\t\t\t<div class=\"elementor-custom-embed\">\n\t\t\t<iframe loading=\"lazy\"\n\t\t\t\t\tsrc=\"https:\/\/maps.google.com\/maps?q=Multi-Com%20Inc%2C%20278%20Queen%20St%2C%20Sherbrooke%2C%20Quebec%20J1M%201K6&#038;t=m&#038;z=20&#038;output=embed&#038;iwloc=near\"\n\t\t\t\t\ttitle=\"Multi-Com Inc, 278 Queen St, Sherbrooke, Quebec J1M 1K6\"\n\t\t\t\t\taria-label=\"Multi-Com Inc, 278 Queen St, Sherbrooke, Quebec J1M 1K6\"\n\t\t\t><\/iframe>\n\t\t<\/div>\n\t\t\t\t\t\t<\/div>\n\t\t\t\t<\/div>\n\t\t\t\t<div class=\"elementor-element elementor-element-968418a elementor-widget elementor-widget-html\" data-id=\"968418a\" data-element_type=\"widget\" data-e-type=\"widget\" data-widget_type=\"html.default\">\n\t\t\t\t<div class=\"elementor-widget-container\">\n\t\t\t\t\t<h3>CONTACT:<\/h3>\n<p>Multi-Com Inc.<br>278 Queen St., Sherbrooke, QC J1M 1K6<br>(819)569-4222<br>info@multi-com.com<\/p>\n<h3>HEURES DE TRAVAIL<\/h3>\n<p>Lundi \u00e0 Vendredi de 9h30 \u00e0 16h00. Oui, nous sommes ouverts \u00e0 midi!<\/p>\t\t\t\t<\/div>\n\t\t\t\t<\/div>\n\t\t\t\t\t<\/div>\n\t\t<\/div>\n\t\t\t\t\t<\/div>\n\t\t<\/section>\n\t\t\t\t\t<\/div>\n\t\t<\/div>\n\t\t\t\t\t<\/div>\n\t\t<\/section>\n\t\t<div class=\"elementor-element elementor-element-e976629 e-grid e-con-boxed e-con e-parent\" data-id=\"e976629\" data-element_type=\"container\" data-e-type=\"container\">\n\t\t\t\t\t<div class=\"e-con-inner\">\n\t\t\t\t\t<\/div>\n\t\t\t\t<\/div>\n\t\t\t\t<\/div>","protected":false},"excerpt":{"rendered":"<p>Download Remote(x64) Download Remote(x32) MEETING YOUR COMPUTING NEEDS Multi-Com Inc. delivers quality repairs on pcs, laptops and more. For any [&hellip;]<\/p>\n","protected":false},"author":1,"featured_media":0,"parent":0,"menu_order":0,"comment_status":"closed","ping_status":"closed","template":"page-templates\/template_page-builder.php","meta":{"pagelayer_contact_templates":[],"_pagelayer_content":"","footnotes":""},"class_list":["post-279","page","type-page","status-publish","hentry"],"_links":{"self":[{"href":"https:\/\/multi-com.com\/fr\/wp-json\/wp\/v2\/pages\/279","targetHints":{"allow":["GET"]}}],"collection":[{"href":"https:\/\/multi-com.com\/fr\/wp-json\/wp\/v2\/pages"}],"about":[{"href":"https:\/\/multi-com.com\/fr\/wp-json\/wp\/v2\/types\/page"}],"author":[{"embeddable":true,"href":"https:\/\/multi-com.com\/fr\/wp-json\/wp\/v2\/users\/1"}],"replies":[{"embeddable":true,"href":"https:\/\/multi-com.com\/fr\/wp-json\/wp\/v2\/comments?post=279"}],"version-history":[{"count":192,"href":"https:\/\/multi-com.com\/fr\/wp-json\/wp\/v2\/pages\/279\/revisions"}],"predecessor-version":[{"id":2556,"href":"https:\/\/multi-com.com\/fr\/wp-json\/wp\/v2\/pages\/279\/revisions\/2556"}],"wp:attachment":[{"href":"https:\/\/multi-com.com\/fr\/wp-json\/wp\/v2\/media?parent=279"}],"curies":[{"name":"wp","href":"https:\/\/api.w.org\/{rel}","templated":true}]}}