{"id":2581,"date":"2025-11-26T10:38:52","date_gmt":"2025-11-26T15:38:52","guid":{"rendered":"https:\/\/multi-com.com\/?post_type=product&#038;p=2581"},"modified":"2025-12-08T10:57:46","modified_gmt":"2025-12-08T15:57:46","slug":"lenovo-v15-laptop","status":"publish","type":"product","link":"https:\/\/multi-com.com\/fr\/produit\/lenovo-v15-laptop\/","title":{"rendered":"Lenovo V15 Laptop"},"content":{"rendered":"<p>Le Lenovo V15 IIL est un ordinateur portable 15,6 pouces abordable, con\u00e7u pour une utilisation quotidienne productive. Il est \u00e9quip\u00e9 de processeurs Intel de 10e g\u00e9n\u00e9ration, jusqu'\u00e0 12 Go de RAM et propose des options de stockage SSD\/HDD. Il offre un bon compromis entre prix et performances satisfaisantes pour les t\u00e2ches bureautiques et personnelles.<\/p>","protected":false},"excerpt":{"rendered":"<p>The Lenovo V15 IIL is a budget-friendly 15.6-inch laptop designed for everyday productivity, offering Intel\u2019s 10th Gen processors, up to [&hellip;]<\/p>\n","protected":false},"featured_media":2582,"comment_status":"open","ping_status":"closed","template":"","meta":{"pagelayer_contact_templates":[],"_pagelayer_content":""},"product_brand":[221,215],"product_cat":[213,42],"product_tag":[],"class_list":{"0":"post-2581","1":"product","2":"type-product","3":"status-publish","4":"has-post-thumbnail","6":"product_brand-intel","7":"product_brand-lenovo","8":"product_cat-new-refurbished-laptop","9":"product_cat-refurbished-laptops","11":"first","12":"instock","13":"sale","14":"taxable","15":"shipping-taxable","16":"purchasable","17":"product-type-simple"},"_links":{"self":[{"href":"https:\/\/multi-com.com\/fr\/wp-json\/wp\/v2\/product\/2581","targetHints":{"allow":["GET"]}}],"collection":[{"href":"https:\/\/multi-com.com\/fr\/wp-json\/wp\/v2\/product"}],"about":[{"href":"https:\/\/multi-com.com\/fr\/wp-json\/wp\/v2\/types\/product"}],"replies":[{"embeddable":true,"href":"https:\/\/multi-com.com\/fr\/wp-json\/wp\/v2\/comments?post=2581"}],"wp:featuredmedia":[{"embeddable":true,"href":"https:\/\/multi-com.com\/fr\/wp-json\/wp\/v2\/media\/2582"}],"wp:attachment":[{"href":"https:\/\/multi-com.com\/fr\/wp-json\/wp\/v2\/media?parent=2581"}],"wp:term":[{"taxonomy":"product_brand","embeddable":true,"href":"https:\/\/multi-com.com\/fr\/wp-json\/wp\/v2\/product_brand?post=2581"},{"taxonomy":"product_cat","embeddable":true,"href":"https:\/\/multi-com.com\/fr\/wp-json\/wp\/v2\/product_cat?post=2581"},{"taxonomy":"product_tag","embeddable":true,"href":"https:\/\/multi-com.com\/fr\/wp-json\/wp\/v2\/product_tag?post=2581"}],"curies":[{"name":"wp","href":"https:\/\/api.w.org\/{rel}","templated":true}]}}