{"id":2602,"date":"2025-12-08T11:35:33","date_gmt":"2025-12-08T16:35:33","guid":{"rendered":"https:\/\/multi-com.com\/?post_type=product&#038;p=2602"},"modified":"2025-12-08T11:36:23","modified_gmt":"2025-12-08T16:36:23","slug":"toshiba-dynabook-tecra-a40-e","status":"publish","type":"product","link":"https:\/\/multi-com.com\/fr\/produit\/toshiba-dynabook-tecra-a40-e\/","title":{"rendered":"Toshiba DYNABOOK Tecra A40-E"},"content":{"rendered":"<p>Pesant seulement 1,47 kg et mesurant \u00e0 peine 19,9 mm d'\u00e9paisseur, la s\u00e9rie TECRA A40-E de Dynabook offre le parfait \u00e9quilibre entre performance, portabilit\u00e9 et surface d'\u00e9cran. Associ\u00e9e \u00e0 une durabilit\u00e9 de niveau militaire et \u00e0 des capacit\u00e9s informatiques exceptionnelles gr\u00e2ce aux processeurs Intel\u00ae Core, la s\u00e9rie TECRA A40-E est un ordinateur portable polyvalent qui vous donne confiance dans vos t\u00e2ches professionnelles \u00e0 toute heure.<\/p>","protected":false},"excerpt":{"rendered":"<p>Weighing a mere 1.47kg and measuring just 19.9mm thin, Dynabook\u2019s TECRA A40-E Series strike the perfect balance between performance, portability [&hellip;]<\/p>\n","protected":false},"featured_media":2603,"comment_status":"open","ping_status":"closed","template":"","meta":{"pagelayer_contact_templates":[],"_pagelayer_content":""},"product_brand":[],"product_cat":[213,42],"product_tag":[],"class_list":{"0":"post-2602","1":"product","2":"type-product","3":"status-publish","4":"has-post-thumbnail","6":"product_cat-new-refurbished-laptop","7":"product_cat-refurbished-laptops","9":"first","10":"instock","11":"sale","12":"taxable","13":"shipping-taxable","14":"purchasable","15":"product-type-simple"},"_links":{"self":[{"href":"https:\/\/multi-com.com\/fr\/wp-json\/wp\/v2\/product\/2602","targetHints":{"allow":["GET"]}}],"collection":[{"href":"https:\/\/multi-com.com\/fr\/wp-json\/wp\/v2\/product"}],"about":[{"href":"https:\/\/multi-com.com\/fr\/wp-json\/wp\/v2\/types\/product"}],"replies":[{"embeddable":true,"href":"https:\/\/multi-com.com\/fr\/wp-json\/wp\/v2\/comments?post=2602"}],"wp:featuredmedia":[{"embeddable":true,"href":"https:\/\/multi-com.com\/fr\/wp-json\/wp\/v2\/media\/2603"}],"wp:attachment":[{"href":"https:\/\/multi-com.com\/fr\/wp-json\/wp\/v2\/media?parent=2602"}],"wp:term":[{"taxonomy":"product_brand","embeddable":true,"href":"https:\/\/multi-com.com\/fr\/wp-json\/wp\/v2\/product_brand?post=2602"},{"taxonomy":"product_cat","embeddable":true,"href":"https:\/\/multi-com.com\/fr\/wp-json\/wp\/v2\/product_cat?post=2602"},{"taxonomy":"product_tag","embeddable":true,"href":"https:\/\/multi-com.com\/fr\/wp-json\/wp\/v2\/product_tag?post=2602"}],"curies":[{"name":"wp","href":"https:\/\/api.w.org\/{rel}","templated":true}]}}